{"id":514,"date":"2023-02-19T17:55:37","date_gmt":"2023-02-19T16:55:37","guid":{"rendered":"https:\/\/www.labergerieduval.com\/?page_id=514"},"modified":"2024-03-01T08:46:06","modified_gmt":"2024-03-01T07:46:06","slug":"bienvenue","status":"publish","type":"page","link":"https:\/\/www.labergerieduval.com\/","title":{"rendered":"Bienvenue \u00e0 la Bergerie du Val"},"content":{"rendered":"<p style=\"text-align: center;\">Bienvenue \u00e0 la Bergerie du Val<\/p>\n<p style=\"text-align: center;\">Calme et Nature sont au rendez-vous<\/p>\n<p style=\"text-align: center;\">Situ\u00e9e dans la Drome \u00e0 Chalancon, nous vous accueillons dans notre gite 4 personnes ou dans notre yourte 3 personnes<\/p>\n<p style=\"text-align: center;\">Nous serons heureux de vous accueillir d&rsquo;avril \u00e0 d\u00e9but novembre pour le gite et du 15 juin au 15 septembre pour la yourte<\/p>\n<p style=\"text-align: center;\">Nous acceptons jusqu&rsquo;\u00e0 2 chiens par location sur demande pr\u00e9alable, nous en avons 2<\/p>\n<p style=\"text-align: center;\">A bientot<\/p>\n<p style=\"text-align: center;\">Sol\u00e8ne &amp; Philippe<\/p>\n<p><img decoding=\"async\" loading=\"lazy\" class=\"alignnone size-full wp-image-515\" src=\"https:\/\/www.labergerieduval.com\/wp-content\/uploads\/2023\/02\/ImmoChalancon_final64.jpg\" alt=\"tourisme drome, location saisonniere, logement insolite, gite de france, Chalancon \" width=\"2400\" height=\"1600\" srcset=\"https:\/\/www.labergerieduval.com\/wp-content\/uploads\/2023\/02\/ImmoChalancon_final64.jpg 2400w, https:\/\/www.labergerieduval.com\/wp-content\/uploads\/2023\/02\/ImmoChalancon_final64-300x200.jpg 300w, https:\/\/www.labergerieduval.com\/wp-content\/uploads\/2023\/02\/ImmoChalancon_final64-1024x683.jpg 1024w, https:\/\/www.labergerieduval.com\/wp-content\/uploads\/2023\/02\/ImmoChalancon_final64-768x512.jpg 768w, https:\/\/www.labergerieduval.com\/wp-content\/uploads\/2023\/02\/ImmoChalancon_final64-1536x1024.jpg 1536w, https:\/\/www.labergerieduval.com\/wp-content\/uploads\/2023\/02\/ImmoChalancon_final64-2048x1365.jpg 2048w, https:\/\/www.labergerieduval.com\/wp-content\/uploads\/2023\/02\/ImmoChalancon_final64-676x451.jpg 676w\" sizes=\"(max-width: 2400px) 100vw, 2400px\" \/><\/p>\n","protected":false},"excerpt":{"rendered":"<p>Bienvenue \u00e0 la Bergerie du Val Calme et Nature sont au rendez-vous Situ\u00e9e dans la Drome \u00e0 Chalancon, nous vous accueillons dans notre gite 4 personnes ou dans notre yourte 3 personnes Nous serons heureux de vous accueillir d&rsquo;avril \u00e0 d\u00e9but novembre pour le gite et du 15 juin au 15 septembre pour la yourte [&hellip;]<\/p>\n","protected":false},"author":1,"featured_media":0,"parent":0,"menu_order":0,"comment_status":"closed","ping_status":"closed","template":"","meta":{"_mi_skip_tracking":false},"yoast_head":"<!-- This site is optimized with the Yoast SEO plugin v19.11 - https:\/\/yoast.com\/wordpress\/plugins\/seo\/ -->\n<title>Bienvenue \u00e0 la Bergerie du Val - %<\/title>\n<meta name=\"description\" content=\"Bienvenue \u00e0 la Bergerie du Val Calme et Nature sont au rendez-vous Situ\u00e9e dans la Drome \u00e0 Chalancon, nous vous accueillons dans notre gite 4 personnes ou dans notre yourte 3 personnes Nous serons heureux de vous accueillir d&#039;avril \u00e0 d\u00e9but novembre pour le gite et du 15 juin au 15 septembre pour la yourte Nous acceptons jusqu&#039;\u00e0 2 chiens par location sur demande pr\u00e9alable, nous en avons 2 A bientot Sol\u00e8ne &amp; Philippe\" \/>\n<meta name=\"robots\" content=\"index, follow, max-snippet:-1, max-image-preview:large, max-video-preview:-1\" \/>\n<link rel=\"canonical\" href=\"https:\/\/www.labergerieduval.com\/\" \/>\n<meta property=\"og:locale\" content=\"fr_FR\" \/>\n<meta property=\"og:type\" content=\"article\" \/>\n<meta property=\"og:title\" content=\"Bienvenue \u00e0 la Bergerie du Val - %\" \/>\n<meta property=\"og:description\" content=\"Bienvenue \u00e0 la Bergerie du Val Calme et Nature sont au rendez-vous Situ\u00e9e dans la Drome \u00e0 Chalancon, nous vous accueillons dans notre gite 4 personnes ou dans notre yourte 3 personnes Nous serons heureux de vous accueillir d&#039;avril \u00e0 d\u00e9but novembre pour le gite et du 15 juin au 15 septembre pour la yourte Nous acceptons jusqu&#039;\u00e0 2 chiens par location sur demande pr\u00e9alable, nous en avons 2 A bientot Sol\u00e8ne &amp; Philippe\" \/>\n<meta property=\"og:url\" content=\"https:\/\/www.labergerieduval.com\/\" \/>\n<meta property=\"article:publisher\" content=\"https:\/\/www.facebook.com\/labergerieduval\" \/>\n<meta property=\"article:modified_time\" content=\"2024-03-01T07:46:06+00:00\" \/>\n<meta property=\"og:image\" content=\"https:\/\/www.labergerieduval.com\/wp-content\/uploads\/2023\/02\/ImmoChalancon_final64.jpg\" \/>\n<meta name=\"twitter:card\" content=\"summary_large_image\" \/>\n<meta name=\"twitter:label1\" content=\"Dur\u00e9e de lecture estim\u00e9e\" \/>\n\t<meta name=\"twitter:data1\" content=\"1 minute\" \/>\n<script type=\"application\/ld+json\" class=\"yoast-schema-graph\">{\"@context\":\"https:\/\/schema.org\",\"@graph\":[{\"@type\":\"WebPage\",\"@id\":\"https:\/\/www.labergerieduval.com\/\",\"url\":\"https:\/\/www.labergerieduval.com\/\",\"name\":\"Bienvenue \u00e0 la Bergerie du Val - %\",\"isPartOf\":{\"@id\":\"https:\/\/www.labergerieduval.com\/#website\"},\"datePublished\":\"2023-02-19T16:55:37+00:00\",\"dateModified\":\"2024-03-01T07:46:06+00:00\",\"description\":\"Bienvenue \u00e0 la Bergerie du Val Calme et Nature sont au rendez-vous Situ\u00e9e dans la Drome \u00e0 Chalancon, nous vous accueillons dans notre gite 4 personnes ou dans notre yourte 3 personnes Nous serons heureux de vous accueillir d'avril \u00e0 d\u00e9but novembre pour le gite et du 15 juin au 15 septembre pour la yourte Nous acceptons jusqu'\u00e0 2 chiens par location sur demande pr\u00e9alable, nous en avons 2 A bientot Sol\u00e8ne & Philippe\",\"breadcrumb\":{\"@id\":\"https:\/\/www.labergerieduval.com\/#breadcrumb\"},\"inLanguage\":\"fr-FR\",\"potentialAction\":[{\"@type\":\"ReadAction\",\"target\":[\"https:\/\/www.labergerieduval.com\/\"]}]},{\"@type\":\"BreadcrumbList\",\"@id\":\"https:\/\/www.labergerieduval.com\/#breadcrumb\",\"itemListElement\":[{\"@type\":\"ListItem\",\"position\":1,\"name\":\"Accueil\",\"item\":\"https:\/\/www.labergerieduval.com\/\"},{\"@type\":\"ListItem\",\"position\":2,\"name\":\"Bienvenue \u00e0 la Bergerie du Val\"}]},{\"@type\":\"WebSite\",\"@id\":\"https:\/\/www.labergerieduval.com\/#website\",\"url\":\"https:\/\/www.labergerieduval.com\/\",\"name\":\"La Bergerie du Val\",\"description\":\"\",\"publisher\":{\"@id\":\"https:\/\/www.labergerieduval.com\/#organization\"},\"potentialAction\":[{\"@type\":\"SearchAction\",\"target\":{\"@type\":\"EntryPoint\",\"urlTemplate\":\"https:\/\/www.labergerieduval.com\/?s={search_term_string}\"},\"query-input\":\"required name=search_term_string\"}],\"inLanguage\":\"fr-FR\"},{\"@type\":\"Organization\",\"@id\":\"https:\/\/www.labergerieduval.com\/#organization\",\"name\":\"La Bergerie du Val\",\"url\":\"https:\/\/www.labergerieduval.com\/\",\"logo\":{\"@type\":\"ImageObject\",\"inLanguage\":\"fr-FR\",\"@id\":\"https:\/\/www.labergerieduval.com\/#\/schema\/logo\/image\/\",\"url\":\"\",\"contentUrl\":\"\",\"caption\":\"La Bergerie du Val\"},\"image\":{\"@id\":\"https:\/\/www.labergerieduval.com\/#\/schema\/logo\/image\/\"},\"sameAs\":[\"https:\/\/www.facebook.com\/labergerieduval\"]}]}<\/script>\n<!-- \/ Yoast SEO plugin. -->","yoast_head_json":{"title":"Bienvenue \u00e0 la Bergerie du Val - %","description":"Bienvenue \u00e0 la Bergerie du Val Calme et Nature sont au rendez-vous Situ\u00e9e dans la Drome \u00e0 Chalancon, nous vous accueillons dans notre gite 4 personnes ou dans notre yourte 3 personnes Nous serons heureux de vous accueillir d'avril \u00e0 d\u00e9but novembre pour le gite et du 15 juin au 15 septembre pour la yourte Nous acceptons jusqu'\u00e0 2 chiens par location sur demande pr\u00e9alable, nous en avons 2 A bientot Sol\u00e8ne & Philippe","robots":{"index":"index","follow":"follow","max-snippet":"max-snippet:-1","max-image-preview":"max-image-preview:large","max-video-preview":"max-video-preview:-1"},"canonical":"https:\/\/www.labergerieduval.com\/","og_locale":"fr_FR","og_type":"article","og_title":"Bienvenue \u00e0 la Bergerie du Val - %","og_description":"Bienvenue \u00e0 la Bergerie du Val Calme et Nature sont au rendez-vous Situ\u00e9e dans la Drome \u00e0 Chalancon, nous vous accueillons dans notre gite 4 personnes ou dans notre yourte 3 personnes Nous serons heureux de vous accueillir d'avril \u00e0 d\u00e9but novembre pour le gite et du 15 juin au 15 septembre pour la yourte Nous acceptons jusqu'\u00e0 2 chiens par location sur demande pr\u00e9alable, nous en avons 2 A bientot Sol\u00e8ne & Philippe","og_url":"https:\/\/www.labergerieduval.com\/","article_publisher":"https:\/\/www.facebook.com\/labergerieduval","article_modified_time":"2024-03-01T07:46:06+00:00","og_image":[{"url":"https:\/\/www.labergerieduval.com\/wp-content\/uploads\/2023\/02\/ImmoChalancon_final64.jpg"}],"twitter_card":"summary_large_image","twitter_misc":{"Dur\u00e9e de lecture estim\u00e9e":"1 minute"},"schema":{"@context":"https:\/\/schema.org","@graph":[{"@type":"WebPage","@id":"https:\/\/www.labergerieduval.com\/","url":"https:\/\/www.labergerieduval.com\/","name":"Bienvenue \u00e0 la Bergerie du Val - %","isPartOf":{"@id":"https:\/\/www.labergerieduval.com\/#website"},"datePublished":"2023-02-19T16:55:37+00:00","dateModified":"2024-03-01T07:46:06+00:00","description":"Bienvenue \u00e0 la Bergerie du Val Calme et Nature sont au rendez-vous Situ\u00e9e dans la Drome \u00e0 Chalancon, nous vous accueillons dans notre gite 4 personnes ou dans notre yourte 3 personnes Nous serons heureux de vous accueillir d'avril \u00e0 d\u00e9but novembre pour le gite et du 15 juin au 15 septembre pour la yourte Nous acceptons jusqu'\u00e0 2 chiens par location sur demande pr\u00e9alable, nous en avons 2 A bientot Sol\u00e8ne & Philippe","breadcrumb":{"@id":"https:\/\/www.labergerieduval.com\/#breadcrumb"},"inLanguage":"fr-FR","potentialAction":[{"@type":"ReadAction","target":["https:\/\/www.labergerieduval.com\/"]}]},{"@type":"BreadcrumbList","@id":"https:\/\/www.labergerieduval.com\/#breadcrumb","itemListElement":[{"@type":"ListItem","position":1,"name":"Accueil","item":"https:\/\/www.labergerieduval.com\/"},{"@type":"ListItem","position":2,"name":"Bienvenue \u00e0 la Bergerie du Val"}]},{"@type":"WebSite","@id":"https:\/\/www.labergerieduval.com\/#website","url":"https:\/\/www.labergerieduval.com\/","name":"La Bergerie du Val","description":"","publisher":{"@id":"https:\/\/www.labergerieduval.com\/#organization"},"potentialAction":[{"@type":"SearchAction","target":{"@type":"EntryPoint","urlTemplate":"https:\/\/www.labergerieduval.com\/?s={search_term_string}"},"query-input":"required name=search_term_string"}],"inLanguage":"fr-FR"},{"@type":"Organization","@id":"https:\/\/www.labergerieduval.com\/#organization","name":"La Bergerie du Val","url":"https:\/\/www.labergerieduval.com\/","logo":{"@type":"ImageObject","inLanguage":"fr-FR","@id":"https:\/\/www.labergerieduval.com\/#\/schema\/logo\/image\/","url":"","contentUrl":"","caption":"La Bergerie du Val"},"image":{"@id":"https:\/\/www.labergerieduval.com\/#\/schema\/logo\/image\/"},"sameAs":["https:\/\/www.facebook.com\/labergerieduval"]}]}},"_links":{"self":[{"href":"https:\/\/www.labergerieduval.com\/index.php\/wp-json\/wp\/v2\/pages\/514"}],"collection":[{"href":"https:\/\/www.labergerieduval.com\/index.php\/wp-json\/wp\/v2\/pages"}],"about":[{"href":"https:\/\/www.labergerieduval.com\/index.php\/wp-json\/wp\/v2\/types\/page"}],"author":[{"embeddable":true,"href":"https:\/\/www.labergerieduval.com\/index.php\/wp-json\/wp\/v2\/users\/1"}],"replies":[{"embeddable":true,"href":"https:\/\/www.labergerieduval.com\/index.php\/wp-json\/wp\/v2\/comments?post=514"}],"version-history":[{"count":7,"href":"https:\/\/www.labergerieduval.com\/index.php\/wp-json\/wp\/v2\/pages\/514\/revisions"}],"predecessor-version":[{"id":573,"href":"https:\/\/www.labergerieduval.com\/index.php\/wp-json\/wp\/v2\/pages\/514\/revisions\/573"}],"wp:attachment":[{"href":"https:\/\/www.labergerieduval.com\/index.php\/wp-json\/wp\/v2\/media?parent=514"}],"curies":[{"name":"wp","href":"https:\/\/api.w.org\/{rel}","templated":true}]}}