{"id":328,"date":"2019-01-14T12:13:13","date_gmt":"2019-01-14T11:13:13","guid":{"rendered":"https:\/\/www.labergerieduval.com\/?page_id=328"},"modified":"2023-05-13T08:50:44","modified_gmt":"2023-05-13T06:50:44","slug":"loisirs-tourisme","status":"publish","type":"page","link":"https:\/\/www.labergerieduval.com\/index.php\/loisirs-tourisme\/","title":{"rendered":"Loisirs &#038; Tourisme"},"content":{"rendered":"<style type=\"text\/css\">.easingslider-339 { width: 100%; }.easingslider-339 .easingslider-image { max-height: 400px; max-width: 640px; }.easingslider-339 .easingslider-fade-in, .easingslider-fade-out { -webkit-animation-duration: 600ms; -moz-animation-duration: 600ms; animation-duration: 600ms; }<\/style><script type=\"text\/javascript\">window.EasingSlider339 = {\"width\":640,\"height\":400,\"singleItem\":true,\"items\":1,\"itemsDesktop\":false,\"itemsDesktopSmall\":false,\"itemsTablet\":false,\"itemsTabletSmall\":false,\"itemsMobile\":false,\"responsive\":true,\"lazyLoad\":true,\"autoPlay\":4000,\"slideSpeed\":600,\"navigation\":true,\"navigationText\":[\"\",\"\"],\"pagination\":true,\"autoHeight\":false,\"mouseDrag\":false,\"touchDrag\":false,\"addClassActive\":true,\"transitionStyle\":false};<\/script><div data-id=\"339\" class=\"easingslider easingslider-339 easingslider-container easingslider-full-width easingslider-resizing-enabled easingslider-aspect-ratio easingslider-arrows-inside easingslider-pagination-inside easingslider-pagination-bottom-center\"><div class=\"easingslider-slide\"><img src=\"https:\/\/www.labergerieduval.com\/wp-content\/plugins\/easing-slider\/assets\/images\/placeholder-pixel.png\" data-src=\"https:\/\/www.labergerieduval.com\/wp-content\/uploads\/2018\/12\/pas-de-l-echelle--640x400.jpg\" alt=\"\" title=\"\" class=\"easingslider-image easingslider-lazy\" \/><\/div><div class=\"easingslider-slide\"><img src=\"https:\/\/www.labergerieduval.com\/wp-content\/plugins\/easing-slider\/assets\/images\/placeholder-pixel.png\" data-src=\"https:\/\/www.labergerieduval.com\/wp-content\/uploads\/2019\/01\/riviere-roanne-640x400.jpg\" alt=\"\" title=\"\" class=\"easingslider-image easingslider-lazy\" \/><\/div><div class=\"easingslider-slide\"><img src=\"https:\/\/www.labergerieduval.com\/wp-content\/plugins\/easing-slider\/assets\/images\/placeholder-pixel.png\" data-src=\"https:\/\/www.labergerieduval.com\/wp-content\/uploads\/2019\/01\/vautours-640x400.jpg\" alt=\"\" title=\"\" class=\"easingslider-image easingslider-lazy\" \/><\/div><div class=\"easingslider-slide\"><img src=\"https:\/\/www.labergerieduval.com\/wp-content\/plugins\/easing-slider\/assets\/images\/placeholder-pixel.png\" data-src=\"https:\/\/www.labergerieduval.com\/wp-content\/uploads\/2019\/01\/lavande-640x400.jpg\" alt=\"\" title=\"\" class=\"easingslider-image easingslider-lazy\" \/><\/div><div class=\"easingslider-slide\"><img src=\"https:\/\/www.labergerieduval.com\/wp-content\/plugins\/easing-slider\/assets\/images\/placeholder-pixel.png\" data-src=\"https:\/\/www.labergerieduval.com\/wp-content\/uploads\/2019\/01\/randonnees-640x400.jpg\" alt=\"\" title=\"\" class=\"easingslider-image easingslider-lazy\" \/><\/div><div class=\"easingslider-slide\"><img src=\"https:\/\/www.labergerieduval.com\/wp-content\/plugins\/easing-slider\/assets\/images\/placeholder-pixel.png\" data-src=\"https:\/\/www.labergerieduval.com\/wp-content\/uploads\/2019\/01\/vvt-640x400.jpg\" alt=\"\" title=\"\" class=\"easingslider-image easingslider-lazy\" \/><\/div><div class=\"easingslider-slide\"><img src=\"https:\/\/www.labergerieduval.com\/wp-content\/plugins\/easing-slider\/assets\/images\/placeholder-pixel.png\" data-src=\"https:\/\/www.labergerieduval.com\/wp-content\/uploads\/2018\/12\/marche-la-motte--640x400.png\" alt=\"\" title=\"\" class=\"easingslider-image easingslider-lazy\" \/><\/div><div class=\"easingslider-slide\"><img src=\"https:\/\/www.labergerieduval.com\/wp-content\/plugins\/easing-slider\/assets\/images\/placeholder-pixel.png\" data-src=\"https:\/\/www.labergerieduval.com\/wp-content\/uploads\/2019\/01\/vtt-640x400.jpg\" alt=\"\" title=\"\" class=\"easingslider-image easingslider-lazy\" \/><\/div><div class=\"easingslider-slide\"><img src=\"https:\/\/www.labergerieduval.com\/wp-content\/plugins\/easing-slider\/assets\/images\/placeholder-pixel.png\" data-src=\"https:\/\/www.labergerieduval.com\/wp-content\/uploads\/2019\/01\/la-motte-640x400.jpg\" alt=\"\" title=\"\" class=\"easingslider-image easingslider-lazy\" \/><\/div><div class=\"easingslider-slide\"><img src=\"https:\/\/www.labergerieduval.com\/wp-content\/plugins\/easing-slider\/assets\/images\/placeholder-pixel.png\" data-src=\"https:\/\/www.labergerieduval.com\/wp-content\/uploads\/2023\/02\/Pas-des-ondes-640x400.jpg\" alt=\"\" title=\"\" class=\"easingslider-image easingslider-lazy\" \/><\/div><\/div>\n<p>&nbsp;<\/p>\n<p>Notre r\u00e9gion offre de nombreuses possibilit\u00e9s de loisirs et visites pour les grands comme pour les petits.<\/p>\n<p>Que vous soyez randonneurs, v\u00e9t\u00e9tistes, cyclistes ou cavaliers, vous trouverez de nombreuses balades pour admirer les fabuleux paysages de moyennes montagnes.<\/p>\n<p>La Via Ferrata du Pas de l&rsquo;\u00e9chelle est situ\u00e9e juste \u00e0 c\u00f4t\u00e9 de La Bergerie du Val, elle est en acc\u00e8s libre.<\/p>\n<p>De nombreux lieux de baignades r\u00e9jouiront toute la famille avec rivi\u00e8res et cascades aux alentours, le lac du Plan des Ondes ainsi qu&rsquo;une piscine municipale gratuite \u00e0 la Motte-Chalancon.<\/p>\n<p>Si vous aimez les march\u00e9s et les activit\u00e9s culturelles vous aurez un large choix. Des concerts sont organis\u00e9s pendant la p\u00e9riode estivale.<\/p>\n<p>Les gourmands pourront se r\u00e9galer dans l&rsquo;un des nombreux restaurants ou tables \u00e0 la ferme.<\/p>\n<p>Les produits du terroir comme les olives, l&rsquo;ail, les abricots, les fromages de ch\u00e8vre, la clairette de Die, les caillettes&#8230;raviront vos papilles. La Dr\u00f4me est le 1er d\u00e9partement bio de France, plaisirs gustatifs et sant\u00e9 sont donc au rendez-vous \ud83d\ude42<\/p>\n<p>Pour en savoir plus, voici quelques sites que nous vous recommandons :<\/p>\n<p><strong><a href=\"https:\/\/lamottechalancon.com\/tourisme\/presentation-des-activites\/?cn-reloaded=1\" target=\"_blank\" rel=\"noopener noreferrer\">Office du tourisme de La Motte-Chalancon<\/a><\/strong><\/p>\n<p><strong><a href=\"https:\/\/www.vautoursenbaronnies.com\/\" target=\"_blank\" rel=\"noopener noreferrer\">Les Vautours<\/a><\/strong><\/p>\n<p>&nbsp;<\/p>\n<p>&nbsp;<\/p>\n<p>Nous vous conseillerons avec plaisir lors de votre visite afin que vous passiez un s\u00e9jour inoubliable.<\/p>\n<p>A bient\u00f4t.<\/p>\n<p>Sol\u00e8ne &amp; Philippe<\/p>\n","protected":false},"excerpt":{"rendered":"<p>&nbsp; Notre r\u00e9gion offre de nombreuses possibilit\u00e9s de loisirs et visites pour les grands comme pour les petits. Que vous soyez randonneurs, v\u00e9t\u00e9tistes, cyclistes ou cavaliers, vous trouverez de nombreuses balades pour admirer les fabuleux paysages de moyennes montagnes. La Via Ferrata du Pas de l&rsquo;\u00e9chelle est situ\u00e9e juste \u00e0 c\u00f4t\u00e9 de La Bergerie du [&hellip;]<\/p>\n","protected":false},"author":1,"featured_media":0,"parent":0,"menu_order":0,"comment_status":"closed","ping_status":"closed","template":"","meta":{"_mi_skip_tracking":false},"yoast_head":"<!-- This site is optimized with the Yoast SEO plugin v19.11 - https:\/\/yoast.com\/wordpress\/plugins\/seo\/ -->\n<title>Loisirs &amp; Tourisme -<\/title>\n<meta name=\"robots\" content=\"index, follow, max-snippet:-1, max-image-preview:large, max-video-preview:-1\" \/>\n<link rel=\"canonical\" href=\"https:\/\/www.labergerieduval.com\/index.php\/loisirs-tourisme\/\" \/>\n<meta property=\"og:locale\" content=\"fr_FR\" \/>\n<meta property=\"og:type\" content=\"article\" \/>\n<meta property=\"og:title\" content=\"Loisirs &amp; Tourisme -\" \/>\n<meta property=\"og:description\" content=\"&nbsp; Notre r\u00e9gion offre de nombreuses possibilit\u00e9s de loisirs et visites pour les grands comme pour les petits. Que vous soyez randonneurs, v\u00e9t\u00e9tistes, cyclistes ou cavaliers, vous trouverez de nombreuses balades pour admirer les fabuleux paysages de moyennes montagnes. La Via Ferrata du Pas de l&rsquo;\u00e9chelle est situ\u00e9e juste \u00e0 c\u00f4t\u00e9 de La Bergerie du [&hellip;]\" \/>\n<meta property=\"og:url\" content=\"https:\/\/www.labergerieduval.com\/index.php\/loisirs-tourisme\/\" \/>\n<meta property=\"article:publisher\" content=\"https:\/\/www.facebook.com\/labergerieduval\" \/>\n<meta property=\"article:modified_time\" content=\"2023-05-13T06:50:44+00:00\" \/>\n<meta name=\"twitter:card\" content=\"summary_large_image\" \/>\n<meta name=\"twitter:label1\" content=\"Dur\u00e9e de lecture estim\u00e9e\" \/>\n\t<meta name=\"twitter:data1\" content=\"2 minutes\" \/>\n<script type=\"application\/ld+json\" class=\"yoast-schema-graph\">{\"@context\":\"https:\/\/schema.org\",\"@graph\":[{\"@type\":\"WebPage\",\"@id\":\"https:\/\/www.labergerieduval.com\/index.php\/loisirs-tourisme\/\",\"url\":\"https:\/\/www.labergerieduval.com\/index.php\/loisirs-tourisme\/\",\"name\":\"Loisirs & Tourisme -\",\"isPartOf\":{\"@id\":\"https:\/\/www.labergerieduval.com\/#website\"},\"datePublished\":\"2019-01-14T11:13:13+00:00\",\"dateModified\":\"2023-05-13T06:50:44+00:00\",\"breadcrumb\":{\"@id\":\"https:\/\/www.labergerieduval.com\/index.php\/loisirs-tourisme\/#breadcrumb\"},\"inLanguage\":\"fr-FR\",\"potentialAction\":[{\"@type\":\"ReadAction\",\"target\":[\"https:\/\/www.labergerieduval.com\/index.php\/loisirs-tourisme\/\"]}]},{\"@type\":\"BreadcrumbList\",\"@id\":\"https:\/\/www.labergerieduval.com\/index.php\/loisirs-tourisme\/#breadcrumb\",\"itemListElement\":[{\"@type\":\"ListItem\",\"position\":1,\"name\":\"Accueil\",\"item\":\"https:\/\/www.labergerieduval.com\/\"},{\"@type\":\"ListItem\",\"position\":2,\"name\":\"Loisirs &#038; Tourisme\"}]},{\"@type\":\"WebSite\",\"@id\":\"https:\/\/www.labergerieduval.com\/#website\",\"url\":\"https:\/\/www.labergerieduval.com\/\",\"name\":\"La Bergerie du Val\",\"description\":\"\",\"publisher\":{\"@id\":\"https:\/\/www.labergerieduval.com\/#organization\"},\"potentialAction\":[{\"@type\":\"SearchAction\",\"target\":{\"@type\":\"EntryPoint\",\"urlTemplate\":\"https:\/\/www.labergerieduval.com\/?s={search_term_string}\"},\"query-input\":\"required name=search_term_string\"}],\"inLanguage\":\"fr-FR\"},{\"@type\":\"Organization\",\"@id\":\"https:\/\/www.labergerieduval.com\/#organization\",\"name\":\"La Bergerie du Val\",\"url\":\"https:\/\/www.labergerieduval.com\/\",\"logo\":{\"@type\":\"ImageObject\",\"inLanguage\":\"fr-FR\",\"@id\":\"https:\/\/www.labergerieduval.com\/#\/schema\/logo\/image\/\",\"url\":\"\",\"contentUrl\":\"\",\"caption\":\"La Bergerie du Val\"},\"image\":{\"@id\":\"https:\/\/www.labergerieduval.com\/#\/schema\/logo\/image\/\"},\"sameAs\":[\"https:\/\/www.facebook.com\/labergerieduval\"]}]}<\/script>\n<!-- \/ Yoast SEO plugin. -->","yoast_head_json":{"title":"Loisirs & Tourisme -","robots":{"index":"index","follow":"follow","max-snippet":"max-snippet:-1","max-image-preview":"max-image-preview:large","max-video-preview":"max-video-preview:-1"},"canonical":"https:\/\/www.labergerieduval.com\/index.php\/loisirs-tourisme\/","og_locale":"fr_FR","og_type":"article","og_title":"Loisirs & Tourisme -","og_description":"&nbsp; Notre r\u00e9gion offre de nombreuses possibilit\u00e9s de loisirs et visites pour les grands comme pour les petits. Que vous soyez randonneurs, v\u00e9t\u00e9tistes, cyclistes ou cavaliers, vous trouverez de nombreuses balades pour admirer les fabuleux paysages de moyennes montagnes. La Via Ferrata du Pas de l&rsquo;\u00e9chelle est situ\u00e9e juste \u00e0 c\u00f4t\u00e9 de La Bergerie du [&hellip;]","og_url":"https:\/\/www.labergerieduval.com\/index.php\/loisirs-tourisme\/","article_publisher":"https:\/\/www.facebook.com\/labergerieduval","article_modified_time":"2023-05-13T06:50:44+00:00","twitter_card":"summary_large_image","twitter_misc":{"Dur\u00e9e de lecture estim\u00e9e":"2 minutes"},"schema":{"@context":"https:\/\/schema.org","@graph":[{"@type":"WebPage","@id":"https:\/\/www.labergerieduval.com\/index.php\/loisirs-tourisme\/","url":"https:\/\/www.labergerieduval.com\/index.php\/loisirs-tourisme\/","name":"Loisirs & Tourisme -","isPartOf":{"@id":"https:\/\/www.labergerieduval.com\/#website"},"datePublished":"2019-01-14T11:13:13+00:00","dateModified":"2023-05-13T06:50:44+00:00","breadcrumb":{"@id":"https:\/\/www.labergerieduval.com\/index.php\/loisirs-tourisme\/#breadcrumb"},"inLanguage":"fr-FR","potentialAction":[{"@type":"ReadAction","target":["https:\/\/www.labergerieduval.com\/index.php\/loisirs-tourisme\/"]}]},{"@type":"BreadcrumbList","@id":"https:\/\/www.labergerieduval.com\/index.php\/loisirs-tourisme\/#breadcrumb","itemListElement":[{"@type":"ListItem","position":1,"name":"Accueil","item":"https:\/\/www.labergerieduval.com\/"},{"@type":"ListItem","position":2,"name":"Loisirs &#038; Tourisme"}]},{"@type":"WebSite","@id":"https:\/\/www.labergerieduval.com\/#website","url":"https:\/\/www.labergerieduval.com\/","name":"La Bergerie du Val","description":"","publisher":{"@id":"https:\/\/www.labergerieduval.com\/#organization"},"potentialAction":[{"@type":"SearchAction","target":{"@type":"EntryPoint","urlTemplate":"https:\/\/www.labergerieduval.com\/?s={search_term_string}"},"query-input":"required name=search_term_string"}],"inLanguage":"fr-FR"},{"@type":"Organization","@id":"https:\/\/www.labergerieduval.com\/#organization","name":"La Bergerie du Val","url":"https:\/\/www.labergerieduval.com\/","logo":{"@type":"ImageObject","inLanguage":"fr-FR","@id":"https:\/\/www.labergerieduval.com\/#\/schema\/logo\/image\/","url":"","contentUrl":"","caption":"La Bergerie du Val"},"image":{"@id":"https:\/\/www.labergerieduval.com\/#\/schema\/logo\/image\/"},"sameAs":["https:\/\/www.facebook.com\/labergerieduval"]}]}},"_links":{"self":[{"href":"https:\/\/www.labergerieduval.com\/index.php\/wp-json\/wp\/v2\/pages\/328"}],"collection":[{"href":"https:\/\/www.labergerieduval.com\/index.php\/wp-json\/wp\/v2\/pages"}],"about":[{"href":"https:\/\/www.labergerieduval.com\/index.php\/wp-json\/wp\/v2\/types\/page"}],"author":[{"embeddable":true,"href":"https:\/\/www.labergerieduval.com\/index.php\/wp-json\/wp\/v2\/users\/1"}],"replies":[{"embeddable":true,"href":"https:\/\/www.labergerieduval.com\/index.php\/wp-json\/wp\/v2\/comments?post=328"}],"version-history":[{"count":11,"href":"https:\/\/www.labergerieduval.com\/index.php\/wp-json\/wp\/v2\/pages\/328\/revisions"}],"predecessor-version":[{"id":568,"href":"https:\/\/www.labergerieduval.com\/index.php\/wp-json\/wp\/v2\/pages\/328\/revisions\/568"}],"wp:attachment":[{"href":"https:\/\/www.labergerieduval.com\/index.php\/wp-json\/wp\/v2\/media?parent=328"}],"curies":[{"name":"wp","href":"https:\/\/api.w.org\/{rel}","templated":true}]}}