{"id":198,"date":"2018-12-15T10:54:50","date_gmt":"2018-12-15T09:54:50","guid":{"rendered":"https:\/\/www.labergerieduval.com\/?page_id=198"},"modified":"2022-05-01T08:27:30","modified_gmt":"2022-05-01T06:27:30","slug":"contact","status":"publish","type":"page","link":"https:\/\/www.labergerieduval.com\/index.php\/contact\/","title":{"rendered":"Contact &#038; Acc\u00e8s"},"content":{"rendered":"<p style=\"text-align: left;\">Pour nous adresser un message, veuillez renseigner le formulaire ci-dessous<\/p>\n<p>&nbsp;<\/p>\n<p style=\"text-align: center;\"><div role=\"form\" class=\"wpcf7\" id=\"wpcf7-f197-o1\" lang=\"fr-FR\" dir=\"ltr\">\n<div class=\"screen-reader-response\"><p role=\"status\" aria-live=\"polite\" aria-atomic=\"true\"><\/p> <ul><\/ul><\/div>\n<form action=\"\/index.php\/wp-json\/wp\/v2\/pages\/198#wpcf7-f197-o1\" method=\"post\" class=\"wpcf7-form init\" novalidate=\"novalidate\" data-status=\"init\">\n<div style=\"display: none;\">\n<input type=\"hidden\" name=\"_wpcf7\" value=\"197\" \/>\n<input type=\"hidden\" name=\"_wpcf7_version\" value=\"5.6.4\" \/>\n<input type=\"hidden\" name=\"_wpcf7_locale\" value=\"fr_FR\" \/>\n<input type=\"hidden\" name=\"_wpcf7_unit_tag\" value=\"wpcf7-f197-o1\" \/>\n<input type=\"hidden\" name=\"_wpcf7_container_post\" value=\"0\" \/>\n<input type=\"hidden\" name=\"_wpcf7_posted_data_hash\" value=\"\" \/>\n<\/div>\n<p><label> Votre nom (obligatoire)<br \/>\n    <span class=\"wpcf7-form-control-wrap\" data-name=\"your-name\"><input type=\"text\" name=\"your-name\" value=\"\" size=\"40\" class=\"wpcf7-form-control wpcf7-text wpcf7-validates-as-required\" aria-required=\"true\" aria-invalid=\"false\" \/><\/span> <\/label><\/p>\n<p><label> Votre adresse de messagerie (obligatoire)<br \/>\n    <span class=\"wpcf7-form-control-wrap\" data-name=\"your-email\"><input type=\"email\" name=\"your-email\" value=\"\" size=\"40\" class=\"wpcf7-form-control wpcf7-text wpcf7-email wpcf7-validates-as-required wpcf7-validates-as-email\" aria-required=\"true\" aria-invalid=\"false\" \/><\/span> <\/label><\/p>\n<p><label> Objet<br \/>\n    <span class=\"wpcf7-form-control-wrap\" data-name=\"your-subject\"><input type=\"text\" name=\"your-subject\" value=\"\" size=\"40\" class=\"wpcf7-form-control wpcf7-text\" aria-invalid=\"false\" \/><\/span> <\/label><\/p>\n<p><label> Votre message<br \/>\n    <span class=\"wpcf7-form-control-wrap\" data-name=\"your-message\"><textarea name=\"your-message\" cols=\"40\" rows=\"10\" class=\"wpcf7-form-control wpcf7-textarea\" aria-invalid=\"false\"><\/textarea><\/span> <\/label><\/p>\n<p><input type=\"submit\" value=\"Envoyer\" class=\"wpcf7-form-control has-spinner wpcf7-submit\" \/><\/p>\n<div class=\"wpcf7-response-output\" aria-hidden=\"true\"><\/div><\/form><\/div><\/p>\n<p style=\"text-align: center;\">Vous pouvez \u00e9galement nous joindre au 06 61 41 82 20<\/p>\n<p style=\"text-align: center;\">\n<p>&nbsp;<\/p>\n<p style=\"text-align: center;\">Adresse :<\/p>\n<p style=\"text-align: center;\">La Bergerie du Val<\/p>\n<p style=\"text-align: center;\">1119 route des Bertrands<\/p>\n<p style=\"text-align: center;\">26470 Chalancon<\/p>\n<p style=\"text-align: center;\"><iframe loading=\"lazy\" style=\"border: 0;\" src=\"https:\/\/www.google.com\/maps\/embed?pb=!1m23!1m12!1m3!1d11381.625684699306!2d5.320561231657968!3d44.506828115618625!2m3!1f0!2f0!3f0!3m2!1i1024!2i768!4f13.1!4m8!3e1!4m0!4m5!1s0x12ca940c91b17837%3A0x4f2b1817b6a10d87!2sLes+Bertrands%2C+26470+Chalancon!3m2!1d44.506828999999996!2d5.3293159999999995!5e0!3m2!1sfr!2sfr!4v1547450464542\" width=\"600\" height=\"450\" frameborder=\"0\" allowfullscreen=\"allowfullscreen\"><\/iframe><\/p>\n<h3>Localisation<\/h3>\n<p>Nous sommes situ\u00e9s \u00e0 environ 45 km de Dieulefit et Nyons, 50 km de Crest et Die, 80 km de Valence, Avignon et Gap. 180 kms de Lyon, Grenoble et Marseille.<\/p>\n<p><strong>Acc\u00e8s en voiture par l\u2019autoroute A7\u00a0:<\/strong><br \/>\n<em>En venant du sud, sortie Boll\u00e8ne<\/em>\u00a0: Direction Nyons. A Nyons prendre direction Gap. A R\u00e9muzat, tourner \u00e0 gauche direction La Motte Chalancon. Prendre direction Chalancon (Chalancon est situ\u00e9 \u00e0 5 Km de La Motte Chalancon).<\/p>\n<p><em>En venant du nord sortie Valence Sud<\/em>\u00a0: Direction Crest, puis Bourdeaux. Apr\u00e8s Bourdeaux, \u00e0 Bouvi\u00e8res, prendre \u00e0 gauche direction La Motte-Chalancon.\u00a0Prendre direction Chalancon (Chalancon est situ\u00e9 \u00e0 5 Km de La Motte Chalancon).<\/p>\n<p><strong>Acc\u00e8s\u00a0depuis Grenoble (Nationale) :<\/strong><br \/>\nPrendre le Col de Lus la Croix Haute, direction Sisteron jusqu&rsquo;\u00e0 Serres, puis direction Nyons. A R\u00e9muzat, prendre \u00e0 droite direction La Motte Chalancon.\u00a0Prendre direction Chalancon (Chalancon est situ\u00e9 \u00e0 5 Km de La Motte Chalancon).<\/p>\n","protected":false},"excerpt":{"rendered":"<p>Pour nous adresser un message, veuillez renseigner le formulaire ci-dessous &nbsp; Vous pouvez \u00e9galement nous joindre au 06 61 41 82 20 &nbsp; Adresse : La Bergerie du Val 1119 route des Bertrands 26470 Chalancon Localisation Nous sommes situ\u00e9s \u00e0 environ 45 km de Dieulefit et Nyons, 50 km de Crest et Die, 80 km [&hellip;]<\/p>\n","protected":false},"author":1,"featured_media":0,"parent":0,"menu_order":0,"comment_status":"closed","ping_status":"closed","template":"","meta":{"_mi_skip_tracking":false},"yoast_head":"<!-- This site is optimized with the Yoast SEO plugin v19.11 - https:\/\/yoast.com\/wordpress\/plugins\/seo\/ -->\n<title>Contact &amp; Acc\u00e8s -<\/title>\n<meta name=\"robots\" content=\"index, follow, max-snippet:-1, max-image-preview:large, max-video-preview:-1\" \/>\n<link rel=\"canonical\" href=\"https:\/\/www.labergerieduval.com\/index.php\/contact\/\" \/>\n<meta property=\"og:locale\" content=\"fr_FR\" \/>\n<meta property=\"og:type\" content=\"article\" \/>\n<meta property=\"og:title\" content=\"Contact &amp; Acc\u00e8s -\" \/>\n<meta property=\"og:description\" content=\"Pour nous adresser un message, veuillez renseigner le formulaire ci-dessous &nbsp; Vous pouvez \u00e9galement nous joindre au 06 61 41 82 20 &nbsp; Adresse : La Bergerie du Val 1119 route des Bertrands 26470 Chalancon Localisation Nous sommes situ\u00e9s \u00e0 environ 45 km de Dieulefit et Nyons, 50 km de Crest et Die, 80 km [&hellip;]\" \/>\n<meta property=\"og:url\" content=\"https:\/\/www.labergerieduval.com\/index.php\/contact\/\" \/>\n<meta property=\"article:publisher\" content=\"https:\/\/www.facebook.com\/labergerieduval\" \/>\n<meta property=\"article:modified_time\" content=\"2022-05-01T06:27:30+00:00\" \/>\n<meta name=\"twitter:card\" content=\"summary_large_image\" \/>\n<meta name=\"twitter:label1\" content=\"Dur\u00e9e de lecture estim\u00e9e\" \/>\n\t<meta name=\"twitter:data1\" content=\"1 minute\" \/>\n<script type=\"application\/ld+json\" class=\"yoast-schema-graph\">{\"@context\":\"https:\/\/schema.org\",\"@graph\":[{\"@type\":\"WebPage\",\"@id\":\"https:\/\/www.labergerieduval.com\/index.php\/contact\/\",\"url\":\"https:\/\/www.labergerieduval.com\/index.php\/contact\/\",\"name\":\"Contact & Acc\u00e8s -\",\"isPartOf\":{\"@id\":\"https:\/\/www.labergerieduval.com\/#website\"},\"datePublished\":\"2018-12-15T09:54:50+00:00\",\"dateModified\":\"2022-05-01T06:27:30+00:00\",\"breadcrumb\":{\"@id\":\"https:\/\/www.labergerieduval.com\/index.php\/contact\/#breadcrumb\"},\"inLanguage\":\"fr-FR\",\"potentialAction\":[{\"@type\":\"ReadAction\",\"target\":[\"https:\/\/www.labergerieduval.com\/index.php\/contact\/\"]}]},{\"@type\":\"BreadcrumbList\",\"@id\":\"https:\/\/www.labergerieduval.com\/index.php\/contact\/#breadcrumb\",\"itemListElement\":[{\"@type\":\"ListItem\",\"position\":1,\"name\":\"Accueil\",\"item\":\"https:\/\/www.labergerieduval.com\/\"},{\"@type\":\"ListItem\",\"position\":2,\"name\":\"Contact &#038; Acc\u00e8s\"}]},{\"@type\":\"WebSite\",\"@id\":\"https:\/\/www.labergerieduval.com\/#website\",\"url\":\"https:\/\/www.labergerieduval.com\/\",\"name\":\"La Bergerie du Val\",\"description\":\"\",\"publisher\":{\"@id\":\"https:\/\/www.labergerieduval.com\/#organization\"},\"potentialAction\":[{\"@type\":\"SearchAction\",\"target\":{\"@type\":\"EntryPoint\",\"urlTemplate\":\"https:\/\/www.labergerieduval.com\/?s={search_term_string}\"},\"query-input\":\"required name=search_term_string\"}],\"inLanguage\":\"fr-FR\"},{\"@type\":\"Organization\",\"@id\":\"https:\/\/www.labergerieduval.com\/#organization\",\"name\":\"La Bergerie du Val\",\"url\":\"https:\/\/www.labergerieduval.com\/\",\"logo\":{\"@type\":\"ImageObject\",\"inLanguage\":\"fr-FR\",\"@id\":\"https:\/\/www.labergerieduval.com\/#\/schema\/logo\/image\/\",\"url\":\"\",\"contentUrl\":\"\",\"caption\":\"La Bergerie du Val\"},\"image\":{\"@id\":\"https:\/\/www.labergerieduval.com\/#\/schema\/logo\/image\/\"},\"sameAs\":[\"https:\/\/www.facebook.com\/labergerieduval\"]}]}<\/script>\n<!-- \/ Yoast SEO plugin. -->","yoast_head_json":{"title":"Contact & Acc\u00e8s -","robots":{"index":"index","follow":"follow","max-snippet":"max-snippet:-1","max-image-preview":"max-image-preview:large","max-video-preview":"max-video-preview:-1"},"canonical":"https:\/\/www.labergerieduval.com\/index.php\/contact\/","og_locale":"fr_FR","og_type":"article","og_title":"Contact & Acc\u00e8s -","og_description":"Pour nous adresser un message, veuillez renseigner le formulaire ci-dessous &nbsp; Vous pouvez \u00e9galement nous joindre au 06 61 41 82 20 &nbsp; Adresse : La Bergerie du Val 1119 route des Bertrands 26470 Chalancon Localisation Nous sommes situ\u00e9s \u00e0 environ 45 km de Dieulefit et Nyons, 50 km de Crest et Die, 80 km [&hellip;]","og_url":"https:\/\/www.labergerieduval.com\/index.php\/contact\/","article_publisher":"https:\/\/www.facebook.com\/labergerieduval","article_modified_time":"2022-05-01T06:27:30+00:00","twitter_card":"summary_large_image","twitter_misc":{"Dur\u00e9e de lecture estim\u00e9e":"1 minute"},"schema":{"@context":"https:\/\/schema.org","@graph":[{"@type":"WebPage","@id":"https:\/\/www.labergerieduval.com\/index.php\/contact\/","url":"https:\/\/www.labergerieduval.com\/index.php\/contact\/","name":"Contact & Acc\u00e8s -","isPartOf":{"@id":"https:\/\/www.labergerieduval.com\/#website"},"datePublished":"2018-12-15T09:54:50+00:00","dateModified":"2022-05-01T06:27:30+00:00","breadcrumb":{"@id":"https:\/\/www.labergerieduval.com\/index.php\/contact\/#breadcrumb"},"inLanguage":"fr-FR","potentialAction":[{"@type":"ReadAction","target":["https:\/\/www.labergerieduval.com\/index.php\/contact\/"]}]},{"@type":"BreadcrumbList","@id":"https:\/\/www.labergerieduval.com\/index.php\/contact\/#breadcrumb","itemListElement":[{"@type":"ListItem","position":1,"name":"Accueil","item":"https:\/\/www.labergerieduval.com\/"},{"@type":"ListItem","position":2,"name":"Contact &#038; Acc\u00e8s"}]},{"@type":"WebSite","@id":"https:\/\/www.labergerieduval.com\/#website","url":"https:\/\/www.labergerieduval.com\/","name":"La Bergerie du Val","description":"","publisher":{"@id":"https:\/\/www.labergerieduval.com\/#organization"},"potentialAction":[{"@type":"SearchAction","target":{"@type":"EntryPoint","urlTemplate":"https:\/\/www.labergerieduval.com\/?s={search_term_string}"},"query-input":"required name=search_term_string"}],"inLanguage":"fr-FR"},{"@type":"Organization","@id":"https:\/\/www.labergerieduval.com\/#organization","name":"La Bergerie du Val","url":"https:\/\/www.labergerieduval.com\/","logo":{"@type":"ImageObject","inLanguage":"fr-FR","@id":"https:\/\/www.labergerieduval.com\/#\/schema\/logo\/image\/","url":"","contentUrl":"","caption":"La Bergerie du Val"},"image":{"@id":"https:\/\/www.labergerieduval.com\/#\/schema\/logo\/image\/"},"sameAs":["https:\/\/www.facebook.com\/labergerieduval"]}]}},"_links":{"self":[{"href":"https:\/\/www.labergerieduval.com\/index.php\/wp-json\/wp\/v2\/pages\/198"}],"collection":[{"href":"https:\/\/www.labergerieduval.com\/index.php\/wp-json\/wp\/v2\/pages"}],"about":[{"href":"https:\/\/www.labergerieduval.com\/index.php\/wp-json\/wp\/v2\/types\/page"}],"author":[{"embeddable":true,"href":"https:\/\/www.labergerieduval.com\/index.php\/wp-json\/wp\/v2\/users\/1"}],"replies":[{"embeddable":true,"href":"https:\/\/www.labergerieduval.com\/index.php\/wp-json\/wp\/v2\/comments?post=198"}],"version-history":[{"count":14,"href":"https:\/\/www.labergerieduval.com\/index.php\/wp-json\/wp\/v2\/pages\/198\/revisions"}],"predecessor-version":[{"id":498,"href":"https:\/\/www.labergerieduval.com\/index.php\/wp-json\/wp\/v2\/pages\/198\/revisions\/498"}],"wp:attachment":[{"href":"https:\/\/www.labergerieduval.com\/index.php\/wp-json\/wp\/v2\/media?parent=198"}],"curies":[{"name":"wp","href":"https:\/\/api.w.org\/{rel}","templated":true}]}}