{"id":143,"date":"2018-12-12T14:33:31","date_gmt":"2018-12-12T13:33:31","guid":{"rendered":"https:\/\/www.labergerieduval.com\/?page_id=143"},"modified":"2023-05-13T08:43:58","modified_gmt":"2023-05-13T06:43:58","slug":"la-bergerie-du-val-gite-dans-la-drome","status":"publish","type":"page","link":"https:\/\/www.labergerieduval.com\/index.php\/la-bergerie-du-val-gite-dans-la-drome\/","title":{"rendered":"Notre histoire"},"content":{"rendered":"\r\n<h3 class=\"_2cuy _3dgx _2vxa\" style=\"text-align: center;\"><strong>Bienvenue \u00e0 la Bergerie du Val<\/strong><\/h3>\r\n<div>\u00a0<\/div>\r\n<h5 class=\"_2cuy _3dgx _2vxa\" style=\"text-align: center;\">Nous allons vous raconter comment nous sommes arriv\u00e9s dans la Drome, \u00e0 Chalancon, \u00e0 la Bergerie du Val.<br \/><br \/><br \/><br \/><br \/>Habitant en r\u00e9gion parisienne depuis de nombreuses ann\u00e9es, on subissait le stress, la pollution, les pesticides, on vivait \u00e0 100 \u00e0 l\u2019heure alors que nous avions la chance de vivre dans un lieu privil\u00e9gi\u00e9 des Yvelines.<br \/><br \/><br \/><br \/><br \/>A notre arriv\u00e9e \u00e0 La Bergerie du Val en 2018, nous avons tout de suite compris que c\u2019\u00e9tait ici que nous voulions vivre.<br \/><br \/><br \/><br \/><br \/>Nous avons d\u00e9couvert une nature intacte non modifi\u00e9e par les humains, avec un air pur, des paysages \u00e0 couper le souffle et des activit\u00e9s ressour\u00e7antes comme la randonn\u00e9e, l\u2019escalade, la baignade&#8230;<br \/><br \/><br \/><br \/><br \/>La chance que nous avons \u00e0 la Bergerie du Val, c\u2019est qu\u2019il y a la place pour installer une yourte traditionnelle pendant l&rsquo;\u00e9t\u00e9 et notre gite \u00e0 l&rsquo;oppos\u00e9 de notre habitation accueille jusqu&rsquo;\u00e0 4 personnes. Cela nous permet de partager quelques semaines par an ce petit paradis, on vous y attend avec impatience, vous \u00eates les bienvenus <span class=\"_47e3 _5mfr\" title=\"\u00e9motic\u00f4ne smile\"><img decoding=\"async\" loading=\"lazy\" class=\"img\" role=\"presentation\" src=\"https:\/\/static.xx.fbcdn.net\/images\/emoji.php\/v9\/fce\/1\/18\/1f642.png\" alt=\"\" width=\"18\" height=\"18\" \/><\/span><br \/><br \/><br \/><br \/>Si vous avez des questions vous pouvez<\/h5>\r\n<h5 class=\"_2cuy _3dgx _2vxa\" style=\"text-align: center;\">nous envoyer votre message via le formulaire de <strong><a href=\"https:\/\/www.labergerieduval.com\/index.php\/contact\/\">contact<\/a><\/strong><\/h5>\r\n<h5 class=\"_2cuy _3dgx _2vxa\" style=\"text-align: center;\">ou nous joindre au 06 61 41 82 20<\/h5>\r\n<h5 class=\"wp-block-image\" style=\"text-align: center;\"><br \/><br \/><br \/>A bient\u00f4t\u00a0<br \/><br \/>Sol\u00e8ne &amp; Philippe<\/h5>\r\n<div style=\"text-align: center;\">\u00a0<\/div>\r\n","protected":false},"excerpt":{"rendered":"","protected":false},"author":1,"featured_media":0,"parent":0,"menu_order":0,"comment_status":"closed","ping_status":"closed","template":"","meta":{"_mi_skip_tracking":false},"yoast_head":"<!-- This site is optimized with the Yoast SEO plugin v19.11 - https:\/\/yoast.com\/wordpress\/plugins\/seo\/ -->\n<title>Notre histoire -<\/title>\n<meta name=\"robots\" content=\"index, follow, max-snippet:-1, max-image-preview:large, max-video-preview:-1\" \/>\n<link rel=\"canonical\" href=\"https:\/\/www.labergerieduval.com\/index.php\/la-bergerie-du-val-gite-dans-la-drome\/\" \/>\n<meta property=\"og:locale\" content=\"fr_FR\" \/>\n<meta property=\"og:type\" content=\"article\" \/>\n<meta property=\"og:title\" content=\"Notre histoire -\" \/>\n<meta property=\"og:url\" content=\"https:\/\/www.labergerieduval.com\/index.php\/la-bergerie-du-val-gite-dans-la-drome\/\" \/>\n<meta property=\"article:publisher\" content=\"https:\/\/www.facebook.com\/labergerieduval\" \/>\n<meta property=\"article:modified_time\" content=\"2023-05-13T06:43:58+00:00\" \/>\n<meta property=\"og:image\" content=\"https:\/\/static.xx.fbcdn.net\/images\/emoji.php\/v9\/fce\/1\/18\/1f642.png\" \/>\n<meta name=\"twitter:card\" content=\"summary_large_image\" \/>\n<meta name=\"twitter:label1\" content=\"Dur\u00e9e de lecture estim\u00e9e\" \/>\n\t<meta name=\"twitter:data1\" content=\"2 minutes\" \/>\n<script type=\"application\/ld+json\" class=\"yoast-schema-graph\">{\"@context\":\"https:\/\/schema.org\",\"@graph\":[{\"@type\":\"WebPage\",\"@id\":\"https:\/\/www.labergerieduval.com\/index.php\/la-bergerie-du-val-gite-dans-la-drome\/\",\"url\":\"https:\/\/www.labergerieduval.com\/index.php\/la-bergerie-du-val-gite-dans-la-drome\/\",\"name\":\"Notre histoire -\",\"isPartOf\":{\"@id\":\"https:\/\/www.labergerieduval.com\/#website\"},\"datePublished\":\"2018-12-12T13:33:31+00:00\",\"dateModified\":\"2023-05-13T06:43:58+00:00\",\"breadcrumb\":{\"@id\":\"https:\/\/www.labergerieduval.com\/index.php\/la-bergerie-du-val-gite-dans-la-drome\/#breadcrumb\"},\"inLanguage\":\"fr-FR\",\"potentialAction\":[{\"@type\":\"ReadAction\",\"target\":[\"https:\/\/www.labergerieduval.com\/index.php\/la-bergerie-du-val-gite-dans-la-drome\/\"]}]},{\"@type\":\"BreadcrumbList\",\"@id\":\"https:\/\/www.labergerieduval.com\/index.php\/la-bergerie-du-val-gite-dans-la-drome\/#breadcrumb\",\"itemListElement\":[{\"@type\":\"ListItem\",\"position\":1,\"name\":\"Accueil\",\"item\":\"https:\/\/www.labergerieduval.com\/\"},{\"@type\":\"ListItem\",\"position\":2,\"name\":\"Notre histoire\"}]},{\"@type\":\"WebSite\",\"@id\":\"https:\/\/www.labergerieduval.com\/#website\",\"url\":\"https:\/\/www.labergerieduval.com\/\",\"name\":\"La Bergerie du Val\",\"description\":\"\",\"publisher\":{\"@id\":\"https:\/\/www.labergerieduval.com\/#organization\"},\"potentialAction\":[{\"@type\":\"SearchAction\",\"target\":{\"@type\":\"EntryPoint\",\"urlTemplate\":\"https:\/\/www.labergerieduval.com\/?s={search_term_string}\"},\"query-input\":\"required name=search_term_string\"}],\"inLanguage\":\"fr-FR\"},{\"@type\":\"Organization\",\"@id\":\"https:\/\/www.labergerieduval.com\/#organization\",\"name\":\"La Bergerie du Val\",\"url\":\"https:\/\/www.labergerieduval.com\/\",\"logo\":{\"@type\":\"ImageObject\",\"inLanguage\":\"fr-FR\",\"@id\":\"https:\/\/www.labergerieduval.com\/#\/schema\/logo\/image\/\",\"url\":\"\",\"contentUrl\":\"\",\"caption\":\"La Bergerie du Val\"},\"image\":{\"@id\":\"https:\/\/www.labergerieduval.com\/#\/schema\/logo\/image\/\"},\"sameAs\":[\"https:\/\/www.facebook.com\/labergerieduval\"]}]}<\/script>\n<!-- \/ Yoast SEO plugin. -->","yoast_head_json":{"title":"Notre histoire -","robots":{"index":"index","follow":"follow","max-snippet":"max-snippet:-1","max-image-preview":"max-image-preview:large","max-video-preview":"max-video-preview:-1"},"canonical":"https:\/\/www.labergerieduval.com\/index.php\/la-bergerie-du-val-gite-dans-la-drome\/","og_locale":"fr_FR","og_type":"article","og_title":"Notre histoire -","og_url":"https:\/\/www.labergerieduval.com\/index.php\/la-bergerie-du-val-gite-dans-la-drome\/","article_publisher":"https:\/\/www.facebook.com\/labergerieduval","article_modified_time":"2023-05-13T06:43:58+00:00","og_image":[{"url":"https:\/\/static.xx.fbcdn.net\/images\/emoji.php\/v9\/fce\/1\/18\/1f642.png"}],"twitter_card":"summary_large_image","twitter_misc":{"Dur\u00e9e de lecture estim\u00e9e":"2 minutes"},"schema":{"@context":"https:\/\/schema.org","@graph":[{"@type":"WebPage","@id":"https:\/\/www.labergerieduval.com\/index.php\/la-bergerie-du-val-gite-dans-la-drome\/","url":"https:\/\/www.labergerieduval.com\/index.php\/la-bergerie-du-val-gite-dans-la-drome\/","name":"Notre histoire -","isPartOf":{"@id":"https:\/\/www.labergerieduval.com\/#website"},"datePublished":"2018-12-12T13:33:31+00:00","dateModified":"2023-05-13T06:43:58+00:00","breadcrumb":{"@id":"https:\/\/www.labergerieduval.com\/index.php\/la-bergerie-du-val-gite-dans-la-drome\/#breadcrumb"},"inLanguage":"fr-FR","potentialAction":[{"@type":"ReadAction","target":["https:\/\/www.labergerieduval.com\/index.php\/la-bergerie-du-val-gite-dans-la-drome\/"]}]},{"@type":"BreadcrumbList","@id":"https:\/\/www.labergerieduval.com\/index.php\/la-bergerie-du-val-gite-dans-la-drome\/#breadcrumb","itemListElement":[{"@type":"ListItem","position":1,"name":"Accueil","item":"https:\/\/www.labergerieduval.com\/"},{"@type":"ListItem","position":2,"name":"Notre histoire"}]},{"@type":"WebSite","@id":"https:\/\/www.labergerieduval.com\/#website","url":"https:\/\/www.labergerieduval.com\/","name":"La Bergerie du Val","description":"","publisher":{"@id":"https:\/\/www.labergerieduval.com\/#organization"},"potentialAction":[{"@type":"SearchAction","target":{"@type":"EntryPoint","urlTemplate":"https:\/\/www.labergerieduval.com\/?s={search_term_string}"},"query-input":"required name=search_term_string"}],"inLanguage":"fr-FR"},{"@type":"Organization","@id":"https:\/\/www.labergerieduval.com\/#organization","name":"La Bergerie du Val","url":"https:\/\/www.labergerieduval.com\/","logo":{"@type":"ImageObject","inLanguage":"fr-FR","@id":"https:\/\/www.labergerieduval.com\/#\/schema\/logo\/image\/","url":"","contentUrl":"","caption":"La Bergerie du Val"},"image":{"@id":"https:\/\/www.labergerieduval.com\/#\/schema\/logo\/image\/"},"sameAs":["https:\/\/www.facebook.com\/labergerieduval"]}]}},"_links":{"self":[{"href":"https:\/\/www.labergerieduval.com\/index.php\/wp-json\/wp\/v2\/pages\/143"}],"collection":[{"href":"https:\/\/www.labergerieduval.com\/index.php\/wp-json\/wp\/v2\/pages"}],"about":[{"href":"https:\/\/www.labergerieduval.com\/index.php\/wp-json\/wp\/v2\/types\/page"}],"author":[{"embeddable":true,"href":"https:\/\/www.labergerieduval.com\/index.php\/wp-json\/wp\/v2\/users\/1"}],"replies":[{"embeddable":true,"href":"https:\/\/www.labergerieduval.com\/index.php\/wp-json\/wp\/v2\/comments?post=143"}],"version-history":[{"count":25,"href":"https:\/\/www.labergerieduval.com\/index.php\/wp-json\/wp\/v2\/pages\/143\/revisions"}],"predecessor-version":[{"id":567,"href":"https:\/\/www.labergerieduval.com\/index.php\/wp-json\/wp\/v2\/pages\/143\/revisions\/567"}],"wp:attachment":[{"href":"https:\/\/www.labergerieduval.com\/index.php\/wp-json\/wp\/v2\/media?parent=143"}],"curies":[{"name":"wp","href":"https:\/\/api.w.org\/{rel}","templated":true}]}}